{"id":81,"date":"2024-04-16T15:51:28","date_gmt":"2024-04-16T18:51:28","guid":{"rendered":"https:\/\/sadi.jor.br\/2025\/?page_id=81"},"modified":"2024-04-17T13:52:34","modified_gmt":"2024-04-17T16:52:34","slug":"wenzel-reckziegel","status":"publish","type":"page","link":"https:\/\/sadi.jor.br\/novo\/index.php\/wenzel-reckziegel\/","title":{"rendered":"Wenzel Reckziegel"},"content":{"rendered":"\n<ul class=\"wp-block-list\">\n<li><a href=\"https:\/\/sadi.jor.br\/novo\/wenzel\/pafg01.htm\">Descendentes<\/a><\/li>\n\n\n\n<li><a href=\"https:\/\/sadi.jor.br\/novo\/wenzel\/index2.htm\">Lista de Sobrenomes<\/a><\/li>\n\n\n\n<li><a href=\"https:\/\/sadi.jor.br\/novo\/wenzel\/index3.htm\">\u00cdndice de Nomes<\/a><\/li>\n<\/ul>\n\n\n\n<p><img loading=\"lazy\" decoding=\"async\" src=\"https:\/\/sadi.jor.br\/novo\/wenzel\/email.jpg\" alt=\"\" width=\"32\" height=\"31\">Mandar e-mail para:&nbsp;<a href=\"mailto:sadi@sadi.jor.br\">sadi@sadi.jor.br<\/a><\/p>\n\n\n\n<p><p style=\"text-align: justify;\">O bras\u00e3o abaixo necessita de explica\u00e7\u00f5es adicionais para o entendimento da sua rela\u00e7\u00e3o com a hist\u00f3ria familiar. Isso \u00e9 importante na medida que existem, talvez, v\u00e1rios outros bras\u00f5es com o mesmo nome, mas ligados \u00e0 cl\u00e3s distintos. Sabe-se que para o registro de um bras\u00e3o exigia-se uma bem fundamentada comprova\u00e7\u00e3o hist\u00f3rica da fam\u00edlia que pretendia adot\u00e1-lo. Fam\u00edlias diferentes com o mesmo sobrenome portam, por isso, emblemas diversos. Assim, para identific\u00e1-las eram inseridas figuras representativas de nomes, atividades, profiss\u00e3o, etc.<br>No caso do escudo onde h\u00e1 o desenho de duas ferramentas pode mudar de acordo com outros cl\u00e3s. Por outro lado, a cabe\u00e7a do cavalo com as r\u00e9deas, estas seguradas por uma m\u00e3o dourada, representam o nome da fam\u00edlia, &#8216;RECKZIEGEL&#8217;. Para entend\u00ea-lo temos que separar em duas partes: &#8216;RECK&#8217; de rucken ou Ruck (puxar, puxada) e &#8216;ZIEGEL&#8217; (aqui com o significado de r\u00e9dea). Quem puxa as r\u00e9deas do cavalo pode se considerado, cavaleiro, cocheiro ou carroceiro. Dadas as circunstancias fica evidente o primeiro como sendo a tradu\u00e7\u00e3o mais adequada.<br>OBS: Contribui\u00e7\u00e3o enviada por&nbsp;<a href=\"mailto:luantovlog@hotmail.com\">Luan Reckziegel<\/a><\/p><\/p>\n\n\n\n<figure class=\"wp-block-image size-full\"><img loading=\"lazy\" decoding=\"async\" width=\"500\" height=\"641\" src=\"http:\/\/sadi.jor.br\/novo\/wp-content\/uploads\/2009\/01\/brasao_reckziegel_.jpg\" alt=\"Bras\u00e3o dos Reckziegel\" class=\"wp-image-14\" srcset=\"https:\/\/sadi.jor.br\/novo\/wp-content\/uploads\/2009\/01\/brasao_reckziegel_.jpg 500w, https:\/\/sadi.jor.br\/novo\/wp-content\/uploads\/2009\/01\/brasao_reckziegel_-234x300.jpg 234w\" sizes=\"auto, (max-width: 500px) 100vw, 500px\" \/><\/figure>\n\n\n\n<p>Informa\u00e7\u00f5es sobre&nbsp;<strong>Wenzel e Em\u00edlia<\/strong><\/p>\n\n\n\n<p><p style=\"text-align: justify;\">Wenzel e Em\u00edlia com seus primeiros 5 filhos, Franz, Karoline, Heinrich, Antonie e Hermann, naturais de Maxdorf, bei Gablonz na ent\u00e3o regi\u00e3o austr\u00edaca de B\u00f6hmen migraram para o Brasil com uma leva de imigrantes vindos pelo vapor &#8220;Santos&#8221; que saiu do porto de Hamburgo, Alemanha, em 7de junho de 1873. O grupo aportou em Porto Alegre no dia 6.9.1873 onde lhes foi designado o destino final.<br>Havia a bordo dessa embarca\u00e7\u00e3o mais outras 4 fam\u00edlias Reckziegel, Wenzel+ Agathe com 6 filhos(de Johannesberg), Joseph(37) + Anna(40) com 2 filhos(de Johannesberg), Franz + Theresia e 2 filhos, um nascido na viagem (de Dessendof) e Joseph(33) + Anna(23), sem filhos, al\u00e9m de 2 pessoas solteiras, Anton(de Johannesberg) e Stephan Reckziegel (deKarlsberg). Wenzel e Em\u00edlia juntamente com outras fam\u00edlias oriundas de Gablonz, entre as quais Franz e Theresia, foram encaminhados para a regi\u00e3o do Alto Taquari. A bordo de uma embarca\u00e7\u00e3o fluvial seguiram em dire\u00e7\u00e3o \u00e0 cidade de Taquari e Mariante onde carregaram pertences e haveres em carretas de boi com as quais alcan\u00e7aram, n\u00e3o sem grandes dificuldades, a vila de Ven\u00e2ncio Aires, na \u00e9poca um pequeno lugarejo que teria no m\u00e1ximo uma d\u00fazia de casas, sendo que a maioria destas n\u00e3o passavam de palho\u00e7as. Relatos dessa viagem d\u00e3o conta que, a\u00ed chegando, as mulheres, espantadas talvez com o que viam, teriam gritado: &#8220;Jesus, se isto aqui \u00e9 a cidade, como ser\u00e1 a aldeia?!!&#8221; O espanto dever\u00e1 ter sido seguramente bem maior quando souberam que suas aldeias ainda encontravam-se cobertas pela mata virgem povoada por um n\u00famero muito grande de animais silvestres. Mas foi a\u00ed, foi numa dessas &#8220;aldeias&#8221; que os nossos her\u00f3is come\u00e7aram uma nova vida aqui no Brasil. Assim, Wenzel e Em\u00edlia, mais as fam\u00edlias Pilz, Jaeger, Weiss, Uhry, R\u00f6ssler, St\u00f6her,Endler, Gutstein, Scheibler e Wanderer foram os pioneiros na coloniza\u00e7\u00e3o de Sampaio, uma f\u00e9rtil e bela regi\u00e3o do Vale do Arroio Sampaio. Outro rumo tomaram as demais fam\u00edlias chegadas naquela oportunidade a Ven\u00e2ncioAires. Franz e Theresia Pilz Reckziegel junto com as fam\u00edlias Franz e B\u00e1rbara Endler Haupt, Franz e Emilie Siebeneichler Lahr, Joseph I e Helene Staffen Siebeneichler, Wilhelm Siebeneichler e filhos, Kajetan e Maria Sch\u00f6ffel Siebeneichler, Josef II e irm\u00e3 Ernestina Siebeneichler, Johann e B\u00e1rbara Bergmann H\u00fcbner mais Anton e Am\u00e1lia Peukert Pilz iniciaram a coloniza\u00e7\u00e3o de Linha Isabella, em uma regi\u00e3o j\u00e1 mais montanhosa, ainda dentro do munic\u00edpio de Ven\u00e2ncio Aires. As cr\u00f4nicas escritas em 1923, &#8220;SAMPAIO ZUM 50-J\u00c4HRIGEN JUBIL\u00c4UM&#8221; E &#8220;FESTSCHRIFT ZUM50-J\u00c4HRIGEN JUBIL\u00c4UM DER LINHA ISABELLA&#8221;, s\u00f4bre a funda\u00e7\u00e3o e desenvolvimento destas duas localidades d\u00e3o-nos uma imagem do que foi a vida e a luta enfrentada por esses nossos antepassados, cuja mem\u00f3ria deve ser preservada, difundida, compreendida e sempre mais valorizada por toda a descend\u00eancia que hoje desfruta aquilo que eles com muito suor e sacrif\u00edcio constru\u00edram.<br>A lideran\u00e7a exercida por Wenzel e seus filhos na forma\u00e7\u00e3o da base econ\u00f4mica, cultural e religiosa da comunidade de Sampaio tamb\u00e9m pode ser aferida nesses escritos. Especificamente sobre a fam\u00edlia de Wenzel e sua descend\u00eancia sintetizamos aqui de um escrito, inominado, mas, que se sabe procede das filhas do neto, Hugo Reckziegel, particularmente daquelas dedicadas \u00e0 vida religiosa:<br>&#8220;&#8230;Voc\u00eas acham que foi por acaso que o casal Wenzel Reckziegel e Em\u00edlia Seibt resolveu vir ao Brasil na segunda metade do s\u00e9culo dezenove?&#8230;N\u00e3o, Deus tinha um plano com isto&#8230;.. Wenzel e Em\u00edlia realizaram seusplanos&#8230; portanto, num rasgo de generosidade se desprenderam do solo p\u00e1trio, em Maxdorf na Bo\u00eamia e, corajosos empreenderam a longa viagem da Europa para o Brasil. Podemos imaginar-nos que realmente foi preciso bastante coragem para alguem mudar-se de um pa\u00eds civilizado para uma mata-virgem desconhecida&#8230;.. A travessia do Atl\u00e2ntico levou meses, &#8230;..Os cinco filhos &#8211; Henrique, Carolina, Ant\u00f4nia, Germano e Francisco, pela confian\u00e7a que depositavam em seus pais, tamb\u00e9m cresceram na confian\u00e7a de Deus&#8230;..Os Reckziegel eram uma fam\u00edlia feliz que em breve foi aben\u00e7oada com mais uma filhinha, Ana, a \u00fanica brasileira deste lar. Tendo trazido a Europa a proverbial capacidade para o trabalho e esp\u00edrito de inciativa, meteram-se, com entusiasmo, a construir o progresso deste pa\u00eds t\u00e3o diferente e novo. Cultura, arte e religiosidade, foram tr\u00eas contribui\u00e7\u00f5es valiosas que eles trouxeram. &#8230; Cultura: &#8230; basta lembrarmos sacrif\u00edcios que Wenzel deve ter feito para conseguir instru\u00e7\u00e3o e forma\u00e7\u00e3o profissional para todos os filhos, isto nas condi\u00e7\u00f5es prec\u00e1rias daquela \u00e9poca, vivendo numa clareira da mata virgem&#8230;em Sampaio. &#8230;Arte: &#8230; soubemos que a regi\u00e3o da Bo\u00eamia, donde v\u00eam nossos antepassados, sempre primou pelas produ\u00e7\u00f5es art\u00edsticas. &#8230; aqui, entre filhos, netos, bisnetos e tataranetos dos Reckziegel sempre houve f\u00e3s da arte. (pintura, escultura, m\u00fasica, dan\u00e7a, etc.)&#8230; Religiosidade: &#8230; os pais deixaram para os filhos a riqu\u00edssima heran\u00e7a de uma f\u00e9 profunda no Pai do C\u00e9u. Creio que nenhum Reckziegel poderia representar-se um lar sem o &#8220;Hergottswinkel&#8221;, isto \u00e9, aquele cantinho sagrado, na sala de visita, que se destinava ao culto divino&#8230;. Do velho Wenzel conta-se que era muito calado mas quando a comunidade se reunia, aos domingos , tornava-se eloquente. Na falta do sacerdote liderava a devo\u00e7\u00e3o, lia o evangelho e fazia o serm\u00e3o&#8230;. Atividades: Fosse por causa de sua constitui\u00e7\u00e3o din\u00e2mica, fosse por sua dota\u00e7\u00e3o f\u00edsico-ps\u00edquica favorecida, fosse pela educa\u00e7\u00e3o quase militar, fosse pelo esp\u00edrito aventureiro ou fosse pela religiosidade \u00edntegra, o fato \u00e9 que os Reckziegel costumavam ocupar postos de lideran\u00e7a nas comunidades, pelas regi\u00f5es por onde se espalharam. E costumavam firmar-se bem, economicamente&#8230; \u00e9 prov\u00e1vel que todos estes fatores, conjugados, tenham colaborado para o sucesso.&#8221;<\/p><\/p>\n\n\n\n<p>OBS: este texto foi repassado por Ruy Bersch <\/p>\n","protected":false},"excerpt":{"rendered":"<p>Mandar e-mail para:&nbsp;sadi@sadi.jor.br O bras\u00e3o abaixo necessita de explica\u00e7\u00f5es adicionais para o entendimento da sua rela\u00e7\u00e3o com a hist\u00f3ria familiar. Isso \u00e9 importante na medida que existem, talvez, v\u00e1rios outros bras\u00f5es com o mesmo nome, mas ligados \u00e0 cl\u00e3s distintos. [&hellip;]<\/p>\n","protected":false},"author":1,"featured_media":0,"parent":0,"menu_order":0,"comment_status":"closed","ping_status":"closed","template":"","meta":{"ngg_post_thumbnail":0,"footnotes":""},"class_list":["post-81","page","type-page","status-publish","hentry"],"_links":{"self":[{"href":"https:\/\/sadi.jor.br\/novo\/index.php\/wp-json\/wp\/v2\/pages\/81","targetHints":{"allow":["GET"]}}],"collection":[{"href":"https:\/\/sadi.jor.br\/novo\/index.php\/wp-json\/wp\/v2\/pages"}],"about":[{"href":"https:\/\/sadi.jor.br\/novo\/index.php\/wp-json\/wp\/v2\/types\/page"}],"author":[{"embeddable":true,"href":"https:\/\/sadi.jor.br\/novo\/index.php\/wp-json\/wp\/v2\/users\/1"}],"replies":[{"embeddable":true,"href":"https:\/\/sadi.jor.br\/novo\/index.php\/wp-json\/wp\/v2\/comments?post=81"}],"version-history":[{"count":7,"href":"https:\/\/sadi.jor.br\/novo\/index.php\/wp-json\/wp\/v2\/pages\/81\/revisions"}],"predecessor-version":[{"id":1388,"href":"https:\/\/sadi.jor.br\/novo\/index.php\/wp-json\/wp\/v2\/pages\/81\/revisions\/1388"}],"wp:attachment":[{"href":"https:\/\/sadi.jor.br\/novo\/index.php\/wp-json\/wp\/v2\/media?parent=81"}],"curies":[{"name":"wp","href":"https:\/\/api.w.org\/{rel}","templated":true}]}}