{"id":82,"date":"2024-04-16T15:51:28","date_gmt":"2024-04-16T18:51:28","guid":{"rendered":"https:\/\/sadi.jor.br\/2025\/?page_id=82"},"modified":"2024-04-17T13:51:33","modified_gmt":"2024-04-17T16:51:33","slug":"augusto-lauschner","status":"publish","type":"page","link":"https:\/\/sadi.jor.br\/novo\/index.php\/augusto-lauschner\/","title":{"rendered":"Augusto Lauschner"},"content":{"rendered":"\n<ul class=\"wp-block-list\">\n<li><a href=\"https:\/\/sadi.jor.br\/novo\/lauschner\/pafg01.htm\" target=\"_blank\" rel=\"noreferrer noopener\">Descendentes<\/a><\/li>\n\n\n\n<li><a href=\"https:\/\/sadi.jor.br\/novo\/lauschner\/index2.htm\" target=\"_blank\" rel=\"noreferrer noopener\">Lista de Sobrenomes<\/a><\/li>\n\n\n\n<li><a href=\"https:\/\/sadi.jor.br\/novo\/lauschner\/index3.htm\" target=\"_blank\" rel=\"noreferrer noopener\">\u00cdndice de Nomes<\/a><\/li>\n<\/ul>\n\n\n\n<p><img decoding=\"async\" src=\"https:\/\/sadi.jor.br\/novo\/lauschner\/images\/email.jpg\" alt=\"\">Mandar e-mail para:&nbsp;<a href=\"mailto:sadi@sadi.jor.br\"><\/a><a href=\"mailto:sadi@sadi.jor.br\">sadi@sadi.jor.br<\/a><\/p>\n\n\n\n<p><p>Dados encontrados sobre Augusto LAUSCHNER<\/p>\n<p style=\"text-align: justify;\">Augusto e Edwiges Pruefer chegaram a Porto Alegre no dia 07\/09\/1872 &#8211; O registro da entrada no Brasil oferece as seguintes informa\u00e7\u00f5es:(Fonte: 1, p\u00e1g. 150) Augusto Lauschner idade: 50 anos- casado- profiss\u00e3o Lavrador &#8211; Naturalidade Prussia &#8211; Proced\u00eancia Hamburgo &#8211; Navio em que viajaram: Vapor(?) Santos. \u00e9poca de chegada: 7 de setembro 1872&nbsp; Localidade de resid\u00eancia &#8211; Santa Cruz do Sul-RS.<br>Nascido em Klopschen (hoje Klobuczyn) da Silesia Prussiana(perto de Glogau, hoje Glog\u00f2w) faleceu com 66 anos, em 30\/05\/1888, em Boa Vista de Santa Cruz(Fonte, P.23). O registro de entrada refere que foi protestante, mas todas as evidencias s\u00e3o de que foi cat\u00f3lico. A pequena igreja cat\u00f3lica de Klobuczyn ainda existe. Os alem\u00e3es cat\u00f3licos e, com a anexa\u00e7\u00e3o pela Pol\u00f4nia, todos foram expulsos depois da segunda Guerra e substitu\u00eddos por fam\u00edlias polonesas. A sede paroquial, da qual Klobuczyn \u00e9 uma capela, conta com registros de batismo desde 1890 e dados anteriores da comunidade est\u00e3o guardados em Glogow (dado: 1992).<br>Casado com Hedwiges Pruefer (1823 &#8211; 1897) mudou-se, com toda fam\u00edlia, de Klopschen da Sil\u00e9sia Prussiana para o Brasil, chegando a Porto Alegre no dia 7 de setembro de 1872. Foi estabelecer-se em Boa Vista de Santa Cruz do Sul. Consta no Registro Geral dos Colonos: Idade: 50; Casado; Religi\u00e3o: Protestante (?); Profiss\u00e3o: Lavrador; Naturalidade; Pr\u00fassia; Proced\u00eancia: Hamburgo; Navio que viajaram: Vapor(?) Santos; \u00c9poca da chegada: 7 de setembro de 1872; Localidade de resid\u00eancia: Santa Cruz do Sul. Augusto &#8211; 50; Hedwiges &#8211; 49; Johanna &#8211; 41 (solteira); Luiza &#8211; 18; Bernardo &#8211; 15; Roberto &#8211; 12; Anna &#8211; 10; Augusto &#8211; 8; Hedwiges &#8211; 6T; (Registro Geral dos Colonos nB.: 299: S Rela\u00e7\u00e3o dos colonos chegados e destino que tomaram 1862\/1876T (C\u00f3dice 299), p. 150, N\u00fameros individuais. Do registro geral 38. Da remessa 57. (Coloniza\u00e7\u00e3o n.: 299). Endere\u00e7o: Arquivo Hist\u00f3rico do RS, Rua Andr\u00e9 Puente, 318. Porto Alegre). Observa\u00e7\u00e3o: Augusto Lauschner (1822 &#8211; 1888) deve ter sido cat\u00f3lico, porque em Klopschen s\u00f3 havia cat\u00f3licos e todos os filhos casaram pelo religioso e enterro dele e da esposa foram com cerim\u00f4nia religiosa cat\u00f3lica. Falta na rela\u00e7\u00e3o dos filhos Francisco Germano Lauschner (1852 &#8211; 1890). Augusto Lauschner (1822 &#8211; 1888) faleceu no dia 30 de maio de 1888, aos 66 anos, em Boa Vista de Santa Cruz do Sul. (Fonte: C\u00faria Metropolitana de Porto Alegre. Santa Cruz. \u00d3bitos 2: 1822 &#8211; 1913, p. 23). Hedwiges (Pruefer) Lauschner faleceu no dia 24 de dezembro de 1897, com 74 anos (Fonte: C\u00faria Metropolitana de Porto Alegre. Santa Cruz. \u00d3bitos 2: 1882 &#8211; 1913, p. 44).<\/p><\/p>\n\n\n\n<figure class=\"wp-block-image size-full\"><img loading=\"lazy\" decoding=\"async\" width=\"500\" height=\"677\" src=\"http:\/\/sadi.jor.br\/novo\/wp-content\/uploads\/2009\/01\/brasao_lauschner_.jpg\" alt=\"\" class=\"wp-image-16\" srcset=\"https:\/\/sadi.jor.br\/novo\/wp-content\/uploads\/2009\/01\/brasao_lauschner_.jpg 500w, https:\/\/sadi.jor.br\/novo\/wp-content\/uploads\/2009\/01\/brasao_lauschner_-222x300.jpg 222w\" sizes=\"auto, (max-width: 500px) 100vw, 500px\" \/><\/figure>\n","protected":false},"excerpt":{"rendered":"<p>Mandar e-mail para:&nbsp;sadi@sadi.jor.br Dados encontrados sobre Augusto LAUSCHNER Augusto e Edwiges Pruefer chegaram a Porto Alegre no dia 07\/09\/1872 &#8211; O registro da entrada no Brasil oferece as seguintes informa\u00e7\u00f5es:(Fonte: 1, p\u00e1g. 150) Augusto Lauschner idade: 50 anos- casado- profiss\u00e3o [&hellip;]<\/p>\n","protected":false},"author":1,"featured_media":0,"parent":0,"menu_order":0,"comment_status":"closed","ping_status":"closed","template":"","meta":{"ngg_post_thumbnail":0,"footnotes":""},"class_list":["post-82","page","type-page","status-publish","hentry"],"_links":{"self":[{"href":"https:\/\/sadi.jor.br\/novo\/index.php\/wp-json\/wp\/v2\/pages\/82","targetHints":{"allow":["GET"]}}],"collection":[{"href":"https:\/\/sadi.jor.br\/novo\/index.php\/wp-json\/wp\/v2\/pages"}],"about":[{"href":"https:\/\/sadi.jor.br\/novo\/index.php\/wp-json\/wp\/v2\/types\/page"}],"author":[{"embeddable":true,"href":"https:\/\/sadi.jor.br\/novo\/index.php\/wp-json\/wp\/v2\/users\/1"}],"replies":[{"embeddable":true,"href":"https:\/\/sadi.jor.br\/novo\/index.php\/wp-json\/wp\/v2\/comments?post=82"}],"version-history":[{"count":6,"href":"https:\/\/sadi.jor.br\/novo\/index.php\/wp-json\/wp\/v2\/pages\/82\/revisions"}],"predecessor-version":[{"id":1387,"href":"https:\/\/sadi.jor.br\/novo\/index.php\/wp-json\/wp\/v2\/pages\/82\/revisions\/1387"}],"wp:attachment":[{"href":"https:\/\/sadi.jor.br\/novo\/index.php\/wp-json\/wp\/v2\/media?parent=82"}],"curies":[{"name":"wp","href":"https:\/\/api.w.org\/{rel}","templated":true}]}}